{"id":2,"date":"2016-05-10T03:48:21","date_gmt":"2016-05-10T03:48:21","guid":{"rendered":"http:\/\/colaslang.lu\/wordpress\/?page_id=2"},"modified":"2017-09-28T09:11:54","modified_gmt":"2017-09-28T09:11:54","slug":"sample-page","status":"publish","type":"page","link":"https:\/\/colaslang.lu\/wordpress\/","title":{"rendered":"Colas &#038; Lang &#8211; votre fiduciaire \u00e0 taille humaine"},"content":{"rendered":"<div id=\"pl-2\"  class=\"panel-layout\" ><div id=\"pg-2-0\"  class=\"panel-grid panel-no-style\" ><div id=\"pgc-2-0-0\"  class=\"panel-grid-cell\" ><div id=\"panel-2-0-0-0\" class=\"so-panel widget widget_sow-editor panel-first-child panel-last-child\" data-index=\"0\" ><div class=\"panel-widget-style panel-widget-style-for-2-0-0-0\" ><div\n\t\t\t\n\t\t\tclass=\"so-widget-sow-editor so-widget-sow-editor-base\"\n\t\t\t\n\t\t><h3 class=\"widget-title\">Vous \u00eates ind\u00e9pendant, une petite ou moyenne entreprise?<\/h3>\n<div class=\"siteorigin-widget-tinymce textwidget\">\n\t<p class=\"western\"><span lang=\"fr-LU\">La fiduciaire Colas &amp; Lang S.\u00e0 r.l. \u00e0 Frisange est une petite \u00e9quipe sp\u00e9cialis\u00e9e dans la fiscalit\u00e9, la gestion des salaires et la comptabilit\u00e9. <\/span><\/p>\n<p class=\"western\"><span lang=\"fr-LU\">Depuis plus de 20 ans, nous sommes \u00e0 la disposition de nos clients pour les conseiller dans leur fiscalit\u00e9, les imp\u00f4ts ou les bilans d'entreprise.<\/span><\/p>\n<p>Ind\u00e9pendants, petites et moyennes entreprises et tous ceux qui ont besoin de conseils avis\u00e9s, nous font confiance.<\/p>\n<p><span lang=\"fr-LU\">Nous sommes \u00e0 l\u2019\u00e9coute permanente de nos clients et adaptons notre offre \u00e0 leurs besoins concrets en d\u00e9veloppant des solutions sur mesure.<\/span><\/p>\n<p><strong><span lang=\"fr-LU\">Vous pouvez compter sur nous !<\/span><\/strong><\/p>\n<p class=\"western\"><span lang=\"fr-LU\">Nos forces - nous prenons le temps de vous aider et de vous \u00e9couter. La taille de notre entreprise nous permet de r\u00e9agir d'une mani\u00e8re rapide et efficace. Voil\u00e0 notre philosophie! <\/span><\/p>\n<\/div>\n<\/div><\/div><\/div><\/div><\/div><div id=\"pg-2-1\"  class=\"panel-grid panel-no-style\" ><div id=\"pgc-2-1-0\"  class=\"panel-grid-cell\" ><div id=\"panel-2-1-0-0\" class=\"so-panel widget widget_sow-editor panel-first-child panel-last-child\" data-index=\"1\" ><div class=\"panel-widget-style panel-widget-style-for-2-1-0-0\" ><div\n\t\t\t\n\t\t\tclass=\"so-widget-sow-editor so-widget-sow-editor-base\"\n\t\t\t\n\t\t><h3 class=\"widget-title\">Notre priorit\u00e9, c'est vous !<\/h3>\n<div class=\"siteorigin-widget-tinymce textwidget\">\n\t<p class=\"western\"><span lang=\"fr-LU\"><img loading=\"lazy\" decoding=\"async\" class=\"wp-image-192 alignleft\" src=\"https:\/\/colaslang.lu\/wordpress\/wp-content\/uploads\/2016\/05\/32-show-love-162x300.png\" alt=\"\" width=\"67\" height=\"124\" srcset=\"https:\/\/colaslang.lu\/wordpress\/wp-content\/uploads\/2016\/05\/32-show-love-162x300.png 162w, https:\/\/colaslang.lu\/wordpress\/wp-content\/uploads\/2016\/05\/32-show-love-553x1024.png 553w, https:\/\/colaslang.lu\/wordpress\/wp-content\/uploads\/2016\/05\/32-show-love-108x200.png 108w, https:\/\/colaslang.lu\/wordpress\/wp-content\/uploads\/2016\/05\/32-show-love.png 561w\" sizes=\"auto, (max-width: 67px) 100vw, 67px\" \/><\/span><span lang=\"fr-LU\">Depuis 1993, chez Colas &amp; Lang, nous offrons un service personnalis\u00e9 \u00e0 nos clients, dans leur \u00e9volution personnelle et professionnelle. <\/span><\/p>\n<p class=\"western\"><span lang=\"fr-LU\"><strong>N'h\u00e9sitez pas et contactez-nous!<\/strong> <br \/><\/span><\/p>\n<\/div>\n<\/div><\/div><\/div><\/div><div id=\"pgc-2-1-1\"  class=\"panel-grid-cell\" ><div id=\"panel-2-1-1-0\" class=\"so-panel widget widget_media_video panel-first-child panel-last-child\" data-index=\"2\" ><div class=\"panel-widget-style panel-widget-style-for-2-1-1-0\" ><h3 class=\"widget-title\">Votre d\u00e9claration en ligne! Demandez-nous conseil! Vid\u00e9o de guichet.lu<\/h3><div style=\"width:100%;\" class=\"wp-video\"><video class=\"wp-video-shortcode\" id=\"video-2-1\" preload=\"metadata\" controls=\"controls\"><source type=\"video\/youtube\" src=\"https:\/\/www.youtube.com\/watch?v=GWfJz6yh5bc&#038;_=1\" \/><a href=\"https:\/\/www.youtube.com\/watch?v=GWfJz6yh5bc\">https:\/\/www.youtube.com\/watch?v=GWfJz6yh5bc<\/a><\/video><\/div><\/div><\/div><\/div><\/div><\/div>","protected":false},"excerpt":{"rendered":"<p>La fiduciaire Colas &amp; Lang S.\u00e0 r.l. \u00e0 Frisange est une petite \u00e9quipe sp\u00e9cialis\u00e9e dans la fiscalit\u00e9, la gestion des salaires et la comptabilit\u00e9. Depuis plus de 20 ans, nous sommes \u00e0 la disposition de nos clients pour les conseiller dans leur fiscalit\u00e9, les imp\u00f4ts ou les bilans d&rsquo;entreprise. Ind\u00e9pendants, &hellip;<\/p>\n","protected":false},"author":1,"featured_media":0,"parent":0,"menu_order":0,"comment_status":"closed","ping_status":"closed","template":"","meta":{"footnotes":""},"class_list":["post-2","page","type-page","status-publish","hentry"],"_links":{"self":[{"href":"https:\/\/colaslang.lu\/wordpress\/index.php?rest_route=\/wp\/v2\/pages\/2","targetHints":{"allow":["GET"]}}],"collection":[{"href":"https:\/\/colaslang.lu\/wordpress\/index.php?rest_route=\/wp\/v2\/pages"}],"about":[{"href":"https:\/\/colaslang.lu\/wordpress\/index.php?rest_route=\/wp\/v2\/types\/page"}],"author":[{"embeddable":true,"href":"https:\/\/colaslang.lu\/wordpress\/index.php?rest_route=\/wp\/v2\/users\/1"}],"replies":[{"embeddable":true,"href":"https:\/\/colaslang.lu\/wordpress\/index.php?rest_route=%2Fwp%2Fv2%2Fcomments&post=2"}],"version-history":[{"count":77,"href":"https:\/\/colaslang.lu\/wordpress\/index.php?rest_route=\/wp\/v2\/pages\/2\/revisions"}],"predecessor-version":[{"id":577,"href":"https:\/\/colaslang.lu\/wordpress\/index.php?rest_route=\/wp\/v2\/pages\/2\/revisions\/577"}],"wp:attachment":[{"href":"https:\/\/colaslang.lu\/wordpress\/index.php?rest_route=%2Fwp%2Fv2%2Fmedia&parent=2"}],"curies":[{"name":"wp","href":"https:\/\/api.w.org\/{rel}","templated":true}]}}