{"id":407,"date":"2017-08-11T14:15:33","date_gmt":"2017-08-11T14:15:33","guid":{"rendered":"http:\/\/colaslang.lu\/wordpress\/?page_id=407"},"modified":"2017-08-28T12:04:26","modified_gmt":"2017-08-28T12:04:26","slug":"unsere-geschichte","status":"publish","type":"page","link":"https:\/\/colaslang.lu\/wordpress\/?page_id=407&lang=de","title":{"rendered":"Unsere Geschichte"},"content":{"rendered":"<div id=\"pl-407\"  class=\"panel-layout\" ><div id=\"pg-407-0\"  class=\"panel-grid panel-no-style\" ><div id=\"pgc-407-0-0\"  class=\"panel-grid-cell\" ><div id=\"panel-407-0-0-0\" class=\"so-panel widget widget_sow-editor panel-first-child panel-last-child\" data-index=\"0\" ><div\n\t\t\t\n\t\t\tclass=\"so-widget-sow-editor so-widget-sow-editor-base\"\n\t\t\t\n\t\t>\n<div class=\"siteorigin-widget-tinymce textwidget\">\n\t<p><span style=\"font-size: medium;\"><strong><span style=\"font-family: Times New Roman,serif;\"><span style=\"color: #555555;\"><span style=\"font-family: Open Sans,serif;\"><span lang=\"de-DE\">Colas &amp; Lang, ein Familienbetrieb<\/span><\/span><\/span><\/span><\/strong><\/span><\/p>\n<p><span style=\"font-family: Times New Roman,serif;\"><span style=\"font-size: medium;\"><span style=\"color: #555555;\"><span style=\"font-family: Open Sans,serif;\"><span style=\"font-size: small;\"><span lang=\"de-DE\">Im Jahr 1993, nach soliden Erfahrungen bei verschiedenen Treuhandgesellschaften und im Finanz- und Industriesektor, entschlie\u00dfen sich Maisy Colas und Roland Lang ihre eigene Firma zu gr\u00fcnden. Seither bieten Mutter und Sohn Dienstleistungen in der Buchhaltung, im Steuerwesen und der Geh\u00e4lterverwaltung an. <\/span><\/span><\/span><\/span><\/span><\/span><\/p>\n<p><span style=\"font-size: medium;\"><strong><span style=\"font-family: Times New Roman,serif;\"><span style=\"color: #555555;\"><span style=\"font-family: Open Sans,serif;\"><span lang=\"de-DE\">Colas &amp; Lang, der Kunde steht im Fokus<\/span><\/span><\/span><\/span><\/strong><\/span><\/p>\n<p><span style=\"font-family: Times New Roman,serif;\"><span style=\"font-size: medium;\"><span style=\"color: #555555;\"><span style=\"font-family: Open Sans,serif;\"><span style=\"font-size: small;\"><span lang=\"de-DE\">Zun\u00e4chst weilte Colas &amp; Lang in Luxembourg Dommeldingen, dann einige Jahre auf dem Kirchberg und fand schlussendlich den Weg nach Frisingen, dem heutigen Firmensitz. Mithilfe ihrer kompetenten und engagierten Mitarbeiter hat sich die kleine luxemburgische Firma schnell ein solides Kundenportfolio aufgebaut.<\/span><\/span><\/span><\/span><\/span><\/span><\/p>\n<p><span style=\"font-family: Times New Roman,serif;\"><span style=\"font-size: medium;\"><span style=\"color: #555555;\"><span style=\"font-family: Open Sans,serif;\"><span style=\"font-size: small;\"><span lang=\"de-DE\">Wir sprechen Luxemburgisch, Deutsch, Franz\u00f6sisch und Englisch, damit sich jeder bei uns wohlf\u00fchlt und den bestm\u00f6glichen Service bekommt. <\/span><\/span><\/span><\/span><\/span><\/span><\/p>\n<p><span style=\"font-size: medium;\"><strong><span style=\"font-family: Times New Roman,serif;\"><span style=\"color: #555555;\"><span style=\"font-family: Open Sans,serif;\"><span lang=\"de-DE\">Colas &amp; Lang, klein sein und es bleiben, eine durchdachte Entscheidung!<\/span><\/span><\/span><\/span><\/strong><\/span><\/p>\n<p><span style=\"font-family: Times New Roman,serif;\"><span style=\"font-size: medium;\"><span style=\"color: #555555;\"><span style=\"font-family: Open Sans,serif;\"><span style=\"font-size: small;\"><span lang=\"de-DE\">Wir bei Colas &amp; Lang sind davon \u00fcberzeugt, dass unsere \u00fcbersichtliche Gr\u00f6\u00dfe viel zu unserem pers\u00f6nlichen und engagierten Kundendienst beitr\u00e4gt. Wir sind unseren treuen Kunden n\u00e4her und auch wesentlich schneller in der Probleml\u00f6sung. Dies erkennen unsere Kunden seit Jahren mit Ihrer Treue an. <\/span><\/span><\/span><\/span><\/span><\/span><\/p>\n<figure id=\"attachment_281\" aria-describedby=\"caption-attachment-281\" style=\"width: 300px\" class=\"wp-caption aligncenter\"><img loading=\"lazy\" decoding=\"async\" class=\"wp-image-281 size-medium\" src=\"https:\/\/colaslang.lu\/wordpress\/wp-content\/uploads\/2017\/08\/IMG_2369-300x225.jpg\" alt=\"\" width=\"300\" height=\"225\" srcset=\"https:\/\/colaslang.lu\/wordpress\/wp-content\/uploads\/2017\/08\/IMG_2369-300x225.jpg 300w, https:\/\/colaslang.lu\/wordpress\/wp-content\/uploads\/2017\/08\/IMG_2369-768x576.jpg 768w, https:\/\/colaslang.lu\/wordpress\/wp-content\/uploads\/2017\/08\/IMG_2369-1024x768.jpg 1024w, https:\/\/colaslang.lu\/wordpress\/wp-content\/uploads\/2017\/08\/IMG_2369-267x200.jpg 267w\" sizes=\"auto, (max-width: 300px) 100vw, 300px\" \/><figcaption id=\"caption-attachment-281\" class=\"wp-caption-text\">Die Gesch\u00e4ftsf\u00fchrung Colas &amp; Lang in Frisingen<\/figcaption><\/figure>\n<\/div>\n<\/div><\/div><\/div><\/div><\/div>","protected":false},"excerpt":{"rendered":"<p>Colas &amp; Lang, ein Familienbetrieb Im Jahr 1993, nach soliden Erfahrungen bei verschiedenen Treuhandgesellschaften und im Finanz- und Industriesektor, entschlie\u00dfen sich Maisy Colas und Roland Lang ihre eigene Firma zu gr\u00fcnden. Seither bieten Mutter und Sohn Dienstleistungen in der Buchhaltung, im Steuerwesen und der Geh\u00e4lterverwaltung an. Colas &amp; Lang, der &hellip;<\/p>\n","protected":false},"author":1,"featured_media":0,"parent":0,"menu_order":0,"comment_status":"closed","ping_status":"closed","template":"","meta":{"footnotes":""},"class_list":["post-407","page","type-page","status-publish","hentry"],"_links":{"self":[{"href":"https:\/\/colaslang.lu\/wordpress\/index.php?rest_route=\/wp\/v2\/pages\/407","targetHints":{"allow":["GET"]}}],"collection":[{"href":"https:\/\/colaslang.lu\/wordpress\/index.php?rest_route=\/wp\/v2\/pages"}],"about":[{"href":"https:\/\/colaslang.lu\/wordpress\/index.php?rest_route=\/wp\/v2\/types\/page"}],"author":[{"embeddable":true,"href":"https:\/\/colaslang.lu\/wordpress\/index.php?rest_route=\/wp\/v2\/users\/1"}],"replies":[{"embeddable":true,"href":"https:\/\/colaslang.lu\/wordpress\/index.php?rest_route=%2Fwp%2Fv2%2Fcomments&post=407"}],"version-history":[{"count":8,"href":"https:\/\/colaslang.lu\/wordpress\/index.php?rest_route=\/wp\/v2\/pages\/407\/revisions"}],"predecessor-version":[{"id":526,"href":"https:\/\/colaslang.lu\/wordpress\/index.php?rest_route=\/wp\/v2\/pages\/407\/revisions\/526"}],"wp:attachment":[{"href":"https:\/\/colaslang.lu\/wordpress\/index.php?rest_route=%2Fwp%2Fv2%2Fmedia&parent=407"}],"curies":[{"name":"wp","href":"https:\/\/api.w.org\/{rel}","templated":true}]}}