{"id":88,"date":"2017-08-06T13:23:45","date_gmt":"2017-08-06T13:23:45","guid":{"rendered":"http:\/\/colaslang.lu\/wordpress\/?page_id=88"},"modified":"2017-08-11T14:16:38","modified_gmt":"2017-08-11T14:16:38","slug":"notre-histoire","status":"publish","type":"page","link":"https:\/\/colaslang.lu\/wordpress\/?page_id=88","title":{"rendered":"Notre histoire"},"content":{"rendered":"<div id=\"pl-88\"  class=\"panel-layout\" ><div id=\"pg-88-0\"  class=\"panel-grid panel-no-style\" ><div id=\"pgc-88-0-0\"  class=\"panel-grid-cell\" ><div id=\"panel-88-0-0-0\" class=\"so-panel widget widget_sow-editor panel-first-child panel-last-child\" data-index=\"0\" ><div\n\t\t\t\n\t\t\tclass=\"so-widget-sow-editor so-widget-sow-editor-base\"\n\t\t\t\n\t\t>\n<div class=\"siteorigin-widget-tinymce textwidget\">\n\t<p><strong>Colas &amp; Lang, entreprise familiale<\/strong><\/p>\n<p>Forts d\u2019une solide exp\u00e9rience acquise aupr\u00e8s de fiduciaires ainsi que dans le secteur financier &amp; industriel, Maisy Colas et Roland Lang, d\u00e9cident de cr\u00e9er leur propre bureau de comptabilit\u00e9 fin 1993. Depuis m\u00e8re &amp; fils offrent des services comptables et administratifs \u00e0 une large palette de clients.<\/p>\n<p><strong>Le client au centre<\/strong><\/p>\n<p>D\u2019abord \u00e0 Luxembourg Dommeldange, puis pendant quelques ann\u00e9es \u00e0 Kirchberg pour finalement amarrer l\u2019ancre \u00e0 Frisange. Epaul\u00e9s par leur personnel comp\u00e9tent et d\u00e9vou\u00e9 une solide exp\u00e9rience s\u2019est forg\u00e9e. Aujourd\u2019hui, le fondement de cette petite structure luxembourgeoise mais polyglotte (langue luxembourgeoise, allemande, fran\u00e7aise, anglaise) reste simple et tourn\u00e9e vers ses clients.<\/p>\n<p><strong>Colas &amp; Lang, sa taille moyenne, un choix de taille!<\/strong><\/p>\n<p>Chez Colas &amp; Lang, nous sommes convaincus qu'une taille moyenne offre aux clients une meilleure proximit\u00e9 ainsi qu'une qualit\u00e9 sup\u00e9rieure de service. Par ailleurs, cette approche personnelle tourn\u00e9e vers l'\u00e9coute et l'attention du client, reste d\u00e9finitivement appr\u00e9ci\u00e9e par nos fid\u00e8les, et ce au fil des ann\u00e9es.<\/p>\n<figure id=\"attachment_281\" aria-describedby=\"caption-attachment-281\" style=\"width: 300px\" class=\"wp-caption aligncenter\"><img loading=\"lazy\" decoding=\"async\" class=\"wp-image-281 size-medium\" src=\"https:\/\/colaslang.lu\/wordpress\/wp-content\/uploads\/2017\/08\/IMG_2369-300x225.jpg\" alt=\"\" width=\"300\" height=\"225\" srcset=\"https:\/\/colaslang.lu\/wordpress\/wp-content\/uploads\/2017\/08\/IMG_2369-300x225.jpg 300w, https:\/\/colaslang.lu\/wordpress\/wp-content\/uploads\/2017\/08\/IMG_2369-768x576.jpg 768w, https:\/\/colaslang.lu\/wordpress\/wp-content\/uploads\/2017\/08\/IMG_2369-1024x768.jpg 1024w, https:\/\/colaslang.lu\/wordpress\/wp-content\/uploads\/2017\/08\/IMG_2369-267x200.jpg 267w\" sizes=\"auto, (max-width: 300px) 100vw, 300px\" \/><figcaption id=\"caption-attachment-281\" class=\"wp-caption-text\">Bureaux de Colas &amp; Lang \u00e0 Frisange<\/figcaption><\/figure>\n<\/div>\n<\/div><\/div><\/div><\/div><\/div>","protected":false},"excerpt":{"rendered":"<p>Colas &amp; Lang, entreprise familiale Forts d\u2019une solide exp\u00e9rience acquise aupr\u00e8s de fiduciaires ainsi que dans le secteur financier &amp; industriel, Maisy Colas et Roland Lang, d\u00e9cident de cr\u00e9er leur propre bureau de comptabilit\u00e9 fin 1993. Depuis m\u00e8re &amp; fils offrent des services comptables et administratifs \u00e0 une large palette &hellip;<\/p>\n","protected":false},"author":1,"featured_media":0,"parent":0,"menu_order":0,"comment_status":"closed","ping_status":"closed","template":"","meta":{"footnotes":""},"class_list":["post-88","page","type-page","status-publish","hentry"],"_links":{"self":[{"href":"https:\/\/colaslang.lu\/wordpress\/index.php?rest_route=\/wp\/v2\/pages\/88","targetHints":{"allow":["GET"]}}],"collection":[{"href":"https:\/\/colaslang.lu\/wordpress\/index.php?rest_route=\/wp\/v2\/pages"}],"about":[{"href":"https:\/\/colaslang.lu\/wordpress\/index.php?rest_route=\/wp\/v2\/types\/page"}],"author":[{"embeddable":true,"href":"https:\/\/colaslang.lu\/wordpress\/index.php?rest_route=\/wp\/v2\/users\/1"}],"replies":[{"embeddable":true,"href":"https:\/\/colaslang.lu\/wordpress\/index.php?rest_route=%2Fwp%2Fv2%2Fcomments&post=88"}],"version-history":[{"count":14,"href":"https:\/\/colaslang.lu\/wordpress\/index.php?rest_route=\/wp\/v2\/pages\/88\/revisions"}],"predecessor-version":[{"id":413,"href":"https:\/\/colaslang.lu\/wordpress\/index.php?rest_route=\/wp\/v2\/pages\/88\/revisions\/413"}],"wp:attachment":[{"href":"https:\/\/colaslang.lu\/wordpress\/index.php?rest_route=%2Fwp%2Fv2%2Fmedia&parent=88"}],"curies":[{"name":"wp","href":"https:\/\/api.w.org\/{rel}","templated":true}]}}