{"id":90,"date":"2017-08-06T13:24:04","date_gmt":"2017-08-06T13:24:04","guid":{"rendered":"http:\/\/colaslang.lu\/wordpress\/?page_id=90"},"modified":"2017-08-28T14:22:31","modified_gmt":"2017-08-28T14:22:31","slug":"nos-services","status":"publish","type":"page","link":"https:\/\/colaslang.lu\/wordpress\/?page_id=90","title":{"rendered":"Nos services"},"content":{"rendered":"<div id=\"pl-90\"  class=\"panel-layout\" ><div id=\"pg-90-0\"  class=\"panel-grid panel-no-style\" ><div id=\"pgc-90-0-0\"  class=\"panel-grid-cell\" ><div id=\"panel-90-0-0-0\" class=\"so-panel widget widget_sow-editor panel-first-child panel-last-child\" data-index=\"0\" ><div\n\t\t\t\n\t\t\tclass=\"so-widget-sow-editor so-widget-sow-editor-base\"\n\t\t\t\n\t\t>\n<div class=\"siteorigin-widget-tinymce textwidget\">\n\t<ul>\n<li class=\"western\" style=\"text-align: left;\"><span lang=\"fr-LU\">Comptabilit\u00e9 &amp; bilans<\/span><\/li>\n<li class=\"western\" style=\"text-align: left;\"><span lang=\"fr-LU\">Fiscalit\u00e9 &amp; TVA<\/span><\/li>\n<li class=\"western\" style=\"text-align: left;\"><span lang=\"fr-LU\">Gestion des salaires<\/span><\/li>\n<li class=\"western\" style=\"text-align: left;\"><span lang=\"fr-LU\">Cr\u00e9ation d\u2019entreprises<\/span><\/li>\n<li class=\"western\" style=\"text-align: left;\"><span lang=\"fr-LU\">Conseil<\/span><\/li>\n<\/ul>\n<p style=\"text-align: center;\"><strong>Contactez-nous !<\/strong><\/p>\n<p style=\"text-align: center;\">\u00a0<a href=\"mailto: rlang@colaslang.lu\"><img loading=\"lazy\" decoding=\"async\" class=\"alignnone wp-image-115\" src=\"https:\/\/colaslang.lu\/wordpress\/wp-content\/uploads\/2017\/08\/email.png\" alt=\"\" width=\"41\" height=\"41\" srcset=\"https:\/\/colaslang.lu\/wordpress\/wp-content\/uploads\/2017\/08\/email.png 225w, https:\/\/colaslang.lu\/wordpress\/wp-content\/uploads\/2017\/08\/email-150x150.png 150w, https:\/\/colaslang.lu\/wordpress\/wp-content\/uploads\/2017\/08\/email-200x200.png 200w\" sizes=\"auto, (max-width: 41px) 100vw, 41px\" \/><\/a><\/p>\n<\/div>\n<\/div><\/div><\/div><div id=\"pgc-90-0-1\"  class=\"panel-grid-cell\" ><div id=\"panel-90-0-1-0\" class=\"so-panel widget widget_media_image panel-first-child panel-last-child\" data-index=\"1\" ><img loading=\"lazy\" decoding=\"async\" width=\"300\" height=\"225\" src=\"https:\/\/colaslang.lu\/wordpress\/wp-content\/uploads\/2017\/08\/Le-diplome-de-comptabilite-et-de-gestion-DCG-Bac-3-300x225.jpg\" class=\"image wp-image-15  attachment-medium size-medium\" alt=\"\" style=\"max-width: 100%; height: auto;\" srcset=\"https:\/\/colaslang.lu\/wordpress\/wp-content\/uploads\/2017\/08\/Le-diplome-de-comptabilite-et-de-gestion-DCG-Bac-3-300x225.jpg 300w, https:\/\/colaslang.lu\/wordpress\/wp-content\/uploads\/2017\/08\/Le-diplome-de-comptabilite-et-de-gestion-DCG-Bac-3-768x576.jpg 768w, https:\/\/colaslang.lu\/wordpress\/wp-content\/uploads\/2017\/08\/Le-diplome-de-comptabilite-et-de-gestion-DCG-Bac-3-400x300.jpg 400w, https:\/\/colaslang.lu\/wordpress\/wp-content\/uploads\/2017\/08\/Le-diplome-de-comptabilite-et-de-gestion-DCG-Bac-3.jpg 800w\" sizes=\"auto, (max-width: 300px) 100vw, 300px\" \/><\/div><\/div><\/div><\/div>","protected":false},"excerpt":{"rendered":"<p>Comptabilit\u00e9 &amp; bilans Fiscalit\u00e9 &amp; TVA Gestion des salaires Cr\u00e9ation d\u2019entreprises Conseil Contactez-nous ! \u00a0<\/p>\n","protected":false},"author":1,"featured_media":0,"parent":0,"menu_order":0,"comment_status":"closed","ping_status":"closed","template":"","meta":{"footnotes":""},"class_list":["post-90","page","type-page","status-publish","hentry"],"_links":{"self":[{"href":"https:\/\/colaslang.lu\/wordpress\/index.php?rest_route=\/wp\/v2\/pages\/90","targetHints":{"allow":["GET"]}}],"collection":[{"href":"https:\/\/colaslang.lu\/wordpress\/index.php?rest_route=\/wp\/v2\/pages"}],"about":[{"href":"https:\/\/colaslang.lu\/wordpress\/index.php?rest_route=\/wp\/v2\/types\/page"}],"author":[{"embeddable":true,"href":"https:\/\/colaslang.lu\/wordpress\/index.php?rest_route=\/wp\/v2\/users\/1"}],"replies":[{"embeddable":true,"href":"https:\/\/colaslang.lu\/wordpress\/index.php?rest_route=%2Fwp%2Fv2%2Fcomments&post=90"}],"version-history":[{"count":35,"href":"https:\/\/colaslang.lu\/wordpress\/index.php?rest_route=\/wp\/v2\/pages\/90\/revisions"}],"predecessor-version":[{"id":558,"href":"https:\/\/colaslang.lu\/wordpress\/index.php?rest_route=\/wp\/v2\/pages\/90\/revisions\/558"}],"wp:attachment":[{"href":"https:\/\/colaslang.lu\/wordpress\/index.php?rest_route=%2Fwp%2Fv2%2Fmedia&parent=90"}],"curies":[{"name":"wp","href":"https:\/\/api.w.org\/{rel}","templated":true}]}}